{"id":74,"date":"2025-05-01T14:30:27","date_gmt":"2025-05-01T14:30:27","guid":{"rendered":"https:\/\/urrinarvaja.com\/services\/"},"modified":"2025-05-01T16:07:16","modified_gmt":"2025-05-01T16:07:16","slug":"buy","status":"publish","type":"page","link":"https:\/\/urrinarvaja.com\/es\/buy\/","title":{"rendered":"Comprar"},"content":{"rendered":"<div class=\"wp-block-uagb-container uagb-block-36389615 alignfull uagb-is-root-container\"><div class=\"uagb-container-inner-blocks-wrap\">\n<div class=\"wp-block-uagb-advanced-heading uagb-block-48108f65\"><h1 class=\"uagb-heading-text\"><strong>Encuentre la casa de sus sue\u00f1os | Guiado por expertos locales<\/strong><br>\u200b<\/h1><p class=\"uagb-desc-text\"><em>\u00bfBuscando casa? Escuchamos primero. Ya sea una acogedora casa para principiantes, una villa de lujo o el vecindario perfecto para su familia, lo emparejamos con propiedades que se adaptan a su estilo de vida, no solo a su presupuesto. Con la ONU, no s\u00f3lo est\u00e1s comprando; est\u00e1s invirtiendo en el futuro correcto.<\/em><\/p><\/div>\n<\/div><\/div>\n\n\n\n<div class=\"wp-block-uagb-container uagb-block-e668faeb alignfull uagb-is-root-container\"><div class=\"uagb-container-inner-blocks-wrap\">\n<div class=\"wp-block-uagb-image uagb-block-e2d1f9dc wp-block-uagb-image--layout-default wp-block-uagb-image--effect-static wp-block-uagb-image--align-none\"><figure class=\"wp-block-uagb-image__figure\"><img decoding=\"async\" srcset=\"https:\/\/urrinarvaja.com\/wp-content\/uploads\/2025\/05\/PRIMER-PLANO-NORMAL-4-1024x819.jpg ,https:\/\/urrinarvaja.com\/wp-content\/uploads\/2025\/05\/PRIMER-PLANO-NORMAL-4-scaled.jpg 780w, https:\/\/urrinarvaja.com\/wp-content\/uploads\/2025\/05\/PRIMER-PLANO-NORMAL-4-scaled.jpg 360w\" sizes=\"auto, (max-width: 480px) 150px\" src=\"https:\/\/urrinarvaja.com\/wp-content\/uploads\/2025\/05\/PRIMER-PLANO-NORMAL-4-1024x819.jpg\" alt=\"\" class=\"uag-image-1897\" width=\"1024\" height=\"819\" title=\"Noi\" loading=\"lazy\" role=\"img\"\/><\/figure><\/div>\n<\/div><\/div>\n\n\n\n<div class=\"wp-block-uagb-container uagb-block-bcf7a611 alignfull uagb-is-root-container\"><div class=\"uagb-container-inner-blocks-wrap\">\n<div class=\"wp-block-uagb-advanced-heading uagb-block-67119c09\"><h2 class=\"uagb-heading-text\"><strong>\u00bfPor qu\u00e9 elegir Urri Narvaja Real Estate<\/strong> <strong>encontrar la Casa de sus Sue\u00f1os?<\/strong><br><\/h2><\/div>\n\n\n\n<div class=\"wp-block-group is-layout-constrained wp-block-group-is-layout-constrained\">\n<p class=\"has-medium-font-size\">Porque comprar una propiedad no es s\u00f3lo una transacci\u00f3n: es el comienzo de su pr\u00f3ximo cap\u00edtulo. Y usted merece un socio que lo haga f\u00e1cil, gratificante y verdaderamente adecuado para usted.<\/p>\n\n\n\n<p><\/p>\n\n\n\n<div class=\"wp-block-uagb-call-to-action uagb-block-66af5fdc wp-block-button\"><div class=\"uagb-cta__wrap\"><h3 class=\"uagb-cta__title\"><strong>Orientaci\u00f3n Experta, Presi\u00f3n Cero<\/strong><\/h3><p class=\"uagb-cta__desc\"><em>Su hogar perfecto est\u00e1 disponible; lo ayudaremos a encontrarlo con claridad y cuidado.<\/em><\/p><\/div><div class=\"uagb-cta__buttons\"><a href=\"https:\/\/urrinarvaja.com\/es\/contact\/\" class=\"uagb-cta__button-link-wrapper wp-block-button__link\" target=\"_blank\" rel=\"noopener noreferrer\">Contacto<svg xmlns=\"https:\/\/www.w3.org\/2000\/svg\" viewbox=\"0 0 512 512\"><path d=\"M504.3 273.6l-112.1 104c-6.992 6.484-17.18 8.218-25.94 4.406c-8.758-3.812-14.42-12.45-14.42-21.1L351.9 288H32C14.33 288 .0002 273.7 .0002 255.1S14.33 224 32 224h319.9l0-72c0-9.547 5.66-18.19 14.42-22c8.754-3.809 18.95-2.075 25.94 4.41l112.1 104C514.6 247.9 514.6 264.1 504.3 273.6z\"><\/path><\/svg><\/a><\/div><\/div>\n<\/div>\n<\/div><\/div>","protected":false},"excerpt":{"rendered":"<p>Find Your Dream Home | Guided by Local Experts\u200b House hunting? We listen first. Whether it\u2019s a cozy starter home, a luxury villa, or the perfect neighborhood for your family, we match you with properties that fit your lifestyle\u2014not just your budget. With UN, you\u2019re not just buying; you\u2019re investing in the right future. Why [&hellip;]<\/p>","protected":false},"author":1,"featured_media":0,"parent":0,"menu_order":0,"comment_status":"closed","ping_status":"closed","template":"","meta":{"_uag_custom_page_level_css":"","_monsterinsights_skip_tracking":false,"_monsterinsights_sitenote_active":false,"_monsterinsights_sitenote_note":"","_monsterinsights_sitenote_category":0,"site-sidebar-layout":"no-sidebar","site-content-layout":"page-builder","ast-site-content-layout":"full-width-container","site-content-style":"unboxed","site-sidebar-style":"unboxed","ast-global-header-display":"","ast-banner-title-visibility":"","ast-main-header-display":"","ast-hfb-above-header-display":"","ast-hfb-below-header-display":"","ast-hfb-mobile-header-display":"","site-post-title":"disabled","ast-breadcrumbs-content":"","ast-featured-img":"disabled","footer-sml-layout":"","theme-transparent-header-meta":"","adv-header-id-meta":"","stick-header-meta":"","header-above-stick-meta":"","header-main-stick-meta":"","header-below-stick-meta":"","astra-migrate-meta-layouts":"set","ast-page-background-enabled":"default","ast-page-background-meta":{"desktop":{"background-color":"var(--ast-global-color-4)","background-image":"","background-repeat":"repeat","background-position":"center center","background-size":"auto","background-attachment":"scroll","background-type":"","background-media":"","overlay-type":"","overlay-color":"","overlay-opacity":"","overlay-gradient":""},"tablet":{"background-color":"","background-image":"","background-repeat":"repeat","background-position":"center center","background-size":"auto","background-attachment":"scroll","background-type":"","background-media":"","overlay-type":"","overlay-color":"","overlay-opacity":"","overlay-gradient":""},"mobile":{"background-color":"","background-image":"","background-repeat":"repeat","background-position":"center center","background-size":"auto","background-attachment":"scroll","background-type":"","background-media":"","overlay-type":"","overlay-color":"","overlay-opacity":"","overlay-gradient":""}},"ast-content-background-meta":{"desktop":{"background-color":"var(--ast-global-color-5)","background-image":"","background-repeat":"repeat","background-position":"center center","background-size":"auto","background-attachment":"scroll","background-type":"","background-media":"","overlay-type":"","overlay-color":"","overlay-opacity":"","overlay-gradient":""},"tablet":{"background-color":"var(--ast-global-color-5)","background-image":"","background-repeat":"repeat","background-position":"center center","background-size":"auto","background-attachment":"scroll","background-type":"","background-media":"","overlay-type":"","overlay-color":"","overlay-opacity":"","overlay-gradient":""},"mobile":{"background-color":"var(--ast-global-color-5)","background-image":"","background-repeat":"repeat","background-position":"center center","background-size":"auto","background-attachment":"scroll","background-type":"","background-media":"","overlay-type":"","overlay-color":"","overlay-opacity":"","overlay-gradient":""}},"footnotes":""},"class_list":["post-74","page","type-page","status-publish","hentry"],"aioseo_notices":[],"uagb_featured_image_src":{"full":false,"thumbnail":false,"medium":false,"medium_large":false,"large":false,"1536x1536":false,"2048x2048":false,"trp-custom-language-flag":false},"uagb_author_info":{"display_name":"urrinarvaja@gmail.com","author_link":"https:\/\/urrinarvaja.com\/es\/author\/urrinarvajagmail-com\/"},"uagb_comment_info":0,"uagb_excerpt":"Find Your Dream Home | Guided by Local Experts\u200b House hunting? We listen first. Whether it\u2019s a cozy starter home, a luxury villa, or the perfect neighborhood for your family, we match you with properties that fit your lifestyle\u2014not just your budget. With UN, you\u2019re not just buying; you\u2019re investing in the right future. Why&hellip;","_links":{"self":[{"href":"https:\/\/urrinarvaja.com\/es\/wp-json\/wp\/v2\/pages\/74","targetHints":{"allow":["GET"]}}],"collection":[{"href":"https:\/\/urrinarvaja.com\/es\/wp-json\/wp\/v2\/pages"}],"about":[{"href":"https:\/\/urrinarvaja.com\/es\/wp-json\/wp\/v2\/types\/page"}],"author":[{"embeddable":true,"href":"https:\/\/urrinarvaja.com\/es\/wp-json\/wp\/v2\/users\/1"}],"replies":[{"embeddable":true,"href":"https:\/\/urrinarvaja.com\/es\/wp-json\/wp\/v2\/comments?post=74"}],"version-history":[{"count":13,"href":"https:\/\/urrinarvaja.com\/es\/wp-json\/wp\/v2\/pages\/74\/revisions"}],"predecessor-version":[{"id":1933,"href":"https:\/\/urrinarvaja.com\/es\/wp-json\/wp\/v2\/pages\/74\/revisions\/1933"}],"wp:attachment":[{"href":"https:\/\/urrinarvaja.com\/es\/wp-json\/wp\/v2\/media?parent=74"}],"curies":[{"name":"wp","href":"https:\/\/api.w.org\/{rel}","templated":true}]}}