{"id":72,"date":"2025-05-01T14:30:27","date_gmt":"2025-05-01T14:30:27","guid":{"rendered":"https:\/\/urrinarvaja.com\/about-us\/"},"modified":"2025-12-13T11:20:23","modified_gmt":"2025-12-13T11:20:23","slug":"about-us","status":"publish","type":"page","link":"https:\/\/urrinarvaja.com\/es\/about-us\/","title":{"rendered":"Nosotros"},"content":{"rendered":"<div class=\"wp-block-uagb-container uagb-block-44b414af alignfull uagb-is-root-container\"><div class=\"uagb-container-inner-blocks-wrap\">\n<div class=\"wp-block-uagb-advanced-heading uagb-block-c34334b7\"><h1 class=\"uagb-heading-text\">Quienes Somos<\/h1><p class=\"uagb-desc-text\">Nosotros somos el&nbsp;<strong>equipo Urri Narvaja<\/strong>: tres argentinos que combinaron nuestras habilidades complementarias para crear un servicio inmobiliario que es&nbsp;<em>Tan c\u00e1lido como un caf\u00e9 porte\u00f1o<\/em>&nbsp;y&nbsp;<em>Tan afilado como la arquitectura de barcelona.<\/em>.<br>Since 2000, we\u2019ve helped&nbsp;<strong>muchos clientes<\/strong>&nbsp;navigate Buenos Aires &amp; Barcelona market with a trifecta of expertise:<\/p><\/div>\n\n\n\n<div class=\"wp-block-uagb-advanced-heading uagb-block-c270b484\"><h3 class=\"uagb-heading-text\">Dedicados a la Excelencia en el Servicio<\/h3><\/div>\n\n\n\n<div class=\"wp-block-uagb-image aligncenter uagb-block-db917b2e wp-block-uagb-image--layout-default wp-block-uagb-image--effect-static wp-block-uagb-image--align-center\"><figure class=\"wp-block-uagb-image__figure\"><img decoding=\"async\" srcset=\"https:\/\/urrinarvaja.com\/wp-content\/uploads\/2025\/05\/1-2-CUERPO-NORMAL-10-scaled.jpg ,https:\/\/urrinarvaja.com\/wp-content\/uploads\/2025\/05\/1-2-CUERPO-NORMAL-10-scaled.jpg 780w, https:\/\/urrinarvaja.com\/wp-content\/uploads\/2025\/05\/1-2-CUERPO-NORMAL-10-scaled.jpg 360w\" sizes=\"auto, (max-width: 480px) 150px\" src=\"https:\/\/urrinarvaja.com\/wp-content\/uploads\/2025\/05\/1-2-CUERPO-NORMAL-10-scaled.jpg\" alt=\"\" class=\"uag-image-1903\" width=\"2560\" height=\"2048\" title=\"1-2 CUERPO NORMAL-10\" loading=\"lazy\" role=\"img\"\/><\/figure><\/div>\n<\/div><\/div>\n\n\n\n<div class=\"wp-block-uagb-container uagb-block-9cb62e5d alignfull uagb-is-root-container\"><div class=\"uagb-container-inner-blocks-wrap\">\n<div class=\"wp-block-uagb-advanced-heading uagb-block-2bd72371\"><h2 class=\"uagb-heading-text\">Conoce a tus Gu\u00edas<\/h2><\/div>\n\n\n\n<section class=\"wp-block-uagb-columns uagb-columns__wrap uagb-columns__background-none uagb-columns__stack-mobile uagb-columns__valign- uagb-columns__gap-10 align uagb-block-dec5d9c5 uagb-columns__columns-2 uagb-columns__max_width-theme\"><div class=\"uagb-columns__overlay\"><\/div><div class=\"uagb-columns__inner-wrap uagb-columns__columns-2\">\n<div class=\"wp-block-uagb-column uagb-column__wrap uagb-column__background-undefined uagb-block-c34e2550\"><div class=\"uagb-column__overlay\"><\/div>\n<div class=\"wp-block-uagb-team uagb-team__image-position-above uagb-team__align-center uagb-team__stack-tablet uagb-block-76b23812\"><div class=\"uagb-team__content\"><h3 class=\"uagb-team__title\">Andrea Narvaja<\/h3><span class=\"uagb-team__prefix\">Broker Hipotecaria y Documentaci\u00f3n<\/span><p class=\"uagb-team__desc\">Andrea es la persona que se ocupar\u00e1 de acompa\u00f1arte en todo el proceso administrativo. Formada en Argentina en Ciencias Econ\u00f3micas y certificada como Asesora Financiera en Cr\u00e9ditos Hipotecarios, est\u00e1 preparada para brindarte el servicio de asesoramiento indicado. Posee amplia experiencia en gestor\u00edas y se involucra con un alto grado de compromiso al igual que todo nuestro equipo de trabajo.<\/p><ul class=\"uagb-team__social-list\"><li class=\"uagb-team__social-icon\"><a href=\"#https:\/\/www.linkedin.com\/in\/andrea-narvaja\/\" aria-label=\"linkedin\" target=\"_self\" title=\"\" rel=\"noopener noreferrer\"><svg xmlns=\"https:\/\/www.w3.org\/2000\/svg\" viewbox=\"0 0 448 512\"><path d=\"M416 32H31.9C14.3 32 0 46.5 0 64.3v383.4C0 465.5 14.3 480 31.9 480H416c17.6 0 32-14.5 32-32.3V64.3c0-17.8-14.4-32.3-32-32.3zM135.4 416H69V202.2h66.5V416zm-33.2-243c-21.3 0-38.5-17.3-38.5-38.5S80.9 96 102.2 96c21.2 0 38.5 17.3 38.5 38.5 0 21.3-17.2 38.5-38.5 38.5zm282.1 243h-66.4V312c0-24.8-.5-56.7-34.5-56.7-34.6 0-39.9 27-39.9 54.9V416h-66.4V202.2h63.7v29.2h.9c8.9-16.8 30.6-34.5 62.9-34.5 67.2 0 79.7 44.3 79.7 101.9V416z\"><\/path><\/svg><\/a><\/li><\/ul><\/div><\/div>\n<\/div>\n\n\n\n<div class=\"wp-block-uagb-column uagb-column__wrap uagb-column__background-undefined uagb-block-e8e9dfe2\"><div class=\"uagb-column__overlay\"><\/div>\n<div class=\"wp-block-uagb-image uagb-block-ca60d257 wp-block-uagb-image--layout-default wp-block-uagb-image--effect-static wp-block-uagb-image--align-none\"><figure class=\"wp-block-uagb-image__figure\"><img decoding=\"async\" srcset=\"https:\/\/urrinarvaja.com\/wp-content\/uploads\/2025\/05\/3.png ,https:\/\/urrinarvaja.com\/wp-content\/uploads\/2025\/05\/3.png 780w, https:\/\/urrinarvaja.com\/wp-content\/uploads\/2025\/05\/3.png 360w\" sizes=\"auto, (max-width: 480px) 150px\" src=\"https:\/\/urrinarvaja.com\/wp-content\/uploads\/2025\/05\/3.png\" alt=\"\" class=\"uag-image-1906\" width=\"600\" height=\"600\" title=\"Andrea Narvaja\" loading=\"lazy\" role=\"img\"\/><\/figure><\/div>\n<\/div>\n<\/div><\/section>\n\n\n\n<section class=\"wp-block-uagb-columns uagb-columns__wrap uagb-columns__background-none uagb-columns__stack-mobile uagb-columns__valign- uagb-columns__gap-10 align uagb-block-1cc5b3c9 uagb-columns__columns-2 uagb-columns__max_width-theme\"><div class=\"uagb-columns__overlay\"><\/div><div class=\"uagb-columns__inner-wrap uagb-columns__columns-2\">\n<div class=\"wp-block-uagb-column uagb-column__wrap uagb-column__background-undefined uagb-block-ce7bb8b2\"><div class=\"uagb-column__overlay\"><\/div>\n<div class=\"wp-block-uagb-team uagb-team__image-position-above uagb-team__align-center uagb-team__stack-tablet uagb-block-276eb469\"><div class=\"uagb-team__content\"><h3 class=\"uagb-team__title\">Javier Urri<\/h3><span class=\"uagb-team__prefix\">Experto en Inmuebles y Obras<\/span><p class=\"uagb-team__desc\">Javier siempre ha sido la persona que buscas cuando necesitas resolver una situaci\u00f3n. En sus inicios ha trabajado de pintor y luego ha tenido una constructora en Argentina. Todo esto es lo que lo respalda a la hora de hablar con inversores, propietarios o promotores que necesitan un asesoramiento en la parte de obra de una propiedad, solar o edificio.<\/p><\/div><\/div>\n<\/div>\n\n\n\n<div class=\"wp-block-uagb-column uagb-column__wrap uagb-column__background-undefined uagb-block-51974423\"><div class=\"uagb-column__overlay\"><\/div>\n<div class=\"wp-block-uagb-image uagb-block-0d81ce80 wp-block-uagb-image--layout-default wp-block-uagb-image--effect-static wp-block-uagb-image--align-none\"><figure class=\"wp-block-uagb-image__figure\"><img decoding=\"async\" srcset=\"https:\/\/urrinarvaja.com\/wp-content\/uploads\/2025\/05\/2.png ,https:\/\/urrinarvaja.com\/wp-content\/uploads\/2025\/05\/2.png 780w, https:\/\/urrinarvaja.com\/wp-content\/uploads\/2025\/05\/2.png 360w\" sizes=\"auto, (max-width: 480px) 150px\" src=\"https:\/\/urrinarvaja.com\/wp-content\/uploads\/2025\/05\/2.png\" alt=\"\" class=\"uag-image-1905\" width=\"600\" height=\"600\" title=\"Javier\" loading=\"lazy\" role=\"img\"\/><\/figure><\/div>\n<\/div>\n<\/div><\/section>\n\n\n\n<section class=\"wp-block-uagb-columns uagb-columns__wrap uagb-columns__background-none uagb-columns__stack-mobile uagb-columns__valign- uagb-columns__gap-10 align uagb-block-656092fb uagb-columns__columns-2 uagb-columns__max_width-theme\"><div class=\"uagb-columns__overlay\"><\/div><div class=\"uagb-columns__inner-wrap uagb-columns__columns-2\">\n<div class=\"wp-block-uagb-column uagb-column__wrap uagb-column__background-undefined uagb-block-8ca8598b\"><div class=\"uagb-column__overlay\"><\/div>\n<div class=\"wp-block-uagb-team uagb-team__image-position-above uagb-team__align-center uagb-team__stack-tablet uagb-block-ee856b3a\"><div class=\"uagb-team__content\"><h3 class=\"uagb-team__title\">Baltasar Urri<\/h3><span class=\"uagb-team__prefix\">Agente Inmobiliario y PSI<\/span><p class=\"uagb-team__desc\">Baltasar is the youngest, focused on working as a real estate advisor for as long as he can remember, he has prepared himself to start this project at just 19 years old. Knowing the strengths of his family, he decided to specialize in Social Networks and Real Estate Marketing. On the other hand, he studied to be a Real Estate Agent and has a license to practice through AICAT.<\/p><ul class=\"uagb-team__social-list\"><li class=\"uagb-team__social-icon\"><a href=\"https:\/\/www.linkedin.com\/in\/baltasarurri\/\" aria-label=\"linkedin\" target=\"_self\" title=\"\" rel=\"noopener noreferrer\"><svg xmlns=\"https:\/\/www.w3.org\/2000\/svg\" viewbox=\"0 0 448 512\"><path d=\"M416 32H31.9C14.3 32 0 46.5 0 64.3v383.4C0 465.5 14.3 480 31.9 480H416c17.6 0 32-14.5 32-32.3V64.3c0-17.8-14.4-32.3-32-32.3zM135.4 416H69V202.2h66.5V416zm-33.2-243c-21.3 0-38.5-17.3-38.5-38.5S80.9 96 102.2 96c21.2 0 38.5 17.3 38.5 38.5 0 21.3-17.2 38.5-38.5 38.5zm282.1 243h-66.4V312c0-24.8-.5-56.7-34.5-56.7-34.6 0-39.9 27-39.9 54.9V416h-66.4V202.2h63.7v29.2h.9c8.9-16.8 30.6-34.5 62.9-34.5 67.2 0 79.7 44.3 79.7 101.9V416z\"><\/path><\/svg><\/a><\/li><\/ul><\/div><\/div>\n<\/div>\n\n\n\n<div class=\"wp-block-uagb-column uagb-column__wrap uagb-column__background-undefined uagb-block-3e282445\"><div class=\"uagb-column__overlay\"><\/div>\n<div class=\"wp-block-uagb-image uagb-block-f4206baa wp-block-uagb-image--layout-default wp-block-uagb-image--effect-static wp-block-uagb-image--align-none\"><figure class=\"wp-block-uagb-image__figure\"><img decoding=\"async\" srcset=\"https:\/\/urrinarvaja.com\/wp-content\/uploads\/2025\/05\/Diseno-sin-titulo-1.png ,https:\/\/urrinarvaja.com\/wp-content\/uploads\/2025\/05\/Diseno-sin-titulo-1.png 780w, https:\/\/urrinarvaja.com\/wp-content\/uploads\/2025\/05\/Diseno-sin-titulo-1.png 360w\" sizes=\"auto, (max-width: 480px) 150px\" src=\"https:\/\/urrinarvaja.com\/wp-content\/uploads\/2025\/05\/Diseno-sin-titulo-1.png\" alt=\"\" class=\"uag-image-1895\" width=\"600\" height=\"600\" title=\"Baltasar\" loading=\"lazy\" role=\"img\"\/><\/figure><\/div>\n<\/div>\n<\/div><\/section>\n<\/div><\/div>\n\n\n\n<div class=\"wp-block-uagb-container uagb-layout-grid uagb-block-87cc6d26 alignfull uagb-is-root-container\"><div class=\"uagb-container-inner-blocks-wrap\">\n<div class=\"wp-block-uagb-info-box uagb-block-cfc7c084 uagb-infobox__content-wrap  uagb-infobox-icon-above-title uagb-infobox-image-valign-top\"><div class=\"uagb-ifb-content\"><div class=\"uagb-ifb-title-wrap\"><div class=\"uagb-ifb-separator\"><\/div><h3 class=\"uagb-ifb-title\"><strong>Por qu\u00e9 los Clientes Conf\u00edan en Nosotros<\/strong><\/h3><\/div><p class=\"uagb-ifb-desc\">\u2714\u00a0<strong>B\u00fasquedas Personalizadas<\/strong><br>  No solo enviamos listados. Seleccionamos de 3 a 5 propiedades que realmente se adaptan a su estilo de vida (y vetamos el resto).<br><br>\u2714\u00a0<strong>Proceso Sin Sorpresas<\/strong><br>  <em>Desde el desglose de los costos iniciales hasta el soporte posventa, somos transparentes en cada paso.<\/em><br><br>\u2714\u00a0<strong>Hospitalidad Argentina<\/strong><br><em>  Espere empanadas en la inauguraci\u00f3n de su casa...<\/em><br><\/p><\/div><\/div>\n\n\n\n<div class=\"wp-block-uagb-info-box uagb-block-ec31cafe uagb-infobox__content-wrap  uagb-infobox-icon-above-title uagb-infobox-image-valign-top\"><div class=\"uagb-ifb-content\"><div class=\"uagb-ifb-title-wrap\"><div class=\"uagb-ifb-separator\"><\/div><h3 class=\"uagb-ifb-title\"><strong>Diferenciadores Clave<\/strong><\/h3><\/div><p class=\"uagb-ifb-desc\"><br>\u2714&nbsp;<strong>H\u00edbridos Culturales<\/strong><br>  Nosotros entendemos&nbsp;<em>ambas<\/em>&nbsp;mentalidades inmobiliarias, la latina y la europea.<br><br>\u2714&nbsp;<strong>Data + Instinto<\/strong><br>  An\u00e1lisis de mercado combinados con la intuici\u00f3n humana.<br><br><strong>\u2714\u00a0Valores Familiares<\/strong><br>  Equipo peque\u00f1o = Cada Cliente es nuestro Cliente Estrella.<br><\/p><\/div><\/div>\n<\/div><\/div>\n\n\n\n<div class=\"wp-block-uagb-container uagb-block-22aae675 alignfull uagb-is-root-container\"><div class=\"uagb-container-inner-blocks-wrap\">\n<div class=\"wp-block-uagb-info-box uagb-block-690eb9de uagb-infobox__content-wrap  uagb-infobox-icon-above-title uagb-infobox-image-valign-top\"><div class=\"uagb-ifb-content\"><div class=\"uagb-ifb-title-wrap\"><h2 class=\"uagb-ifb-title\">Trabajemos Juntos<\/h2><\/div><div class=\"uagb-ifb-button-wrapper wp-block-button\"><a href=\"https:\/\/urrinarvaja.com\/es\/contact\/\" class=\"uagb-infobox-cta-link wp-block-button__link\" target=\"_self\" rel=\"noopener noreferrer\" onclick=\"return true;\"><span class=\"uagb-inline-editing\">Contacto<\/span><\/a><\/div><\/div><\/div>\n<\/div><\/div>","protected":false},"excerpt":{"rendered":"<p>About Us\u200b We\u2019re the&nbsp;Urri Narvaja team: three Argentines who blended our complementary skills to create a real estate service that\u2019s&nbsp;as warm as a Buenos Aires caf\u00e9&nbsp;and&nbsp;as sharp as Barcelona\u2019s architecture.Since 2000, we\u2019ve helped&nbsp;a lot of clients&nbsp;navigate Buenos Aires &amp; Barcelona market with a trifecta of expertise: Devoted To Service Excellence\u200b Meet Your Guides<\/p>","protected":false},"author":1,"featured_media":0,"parent":0,"menu_order":0,"comment_status":"closed","ping_status":"closed","template":"","meta":{"_uag_custom_page_level_css":"","_monsterinsights_skip_tracking":false,"_monsterinsights_sitenote_active":false,"_monsterinsights_sitenote_note":"","_monsterinsights_sitenote_category":0,"site-sidebar-layout":"no-sidebar","site-content-layout":"page-builder","ast-site-content-layout":"full-width-container","site-content-style":"unboxed","site-sidebar-style":"unboxed","ast-global-header-display":"","ast-banner-title-visibility":"","ast-main-header-display":"","ast-hfb-above-header-display":"","ast-hfb-below-header-display":"","ast-hfb-mobile-header-display":"","site-post-title":"disabled","ast-breadcrumbs-content":"","ast-featured-img":"disabled","footer-sml-layout":"","theme-transparent-header-meta":"","adv-header-id-meta":"","stick-header-meta":"","header-above-stick-meta":"","header-main-stick-meta":"","header-below-stick-meta":"","astra-migrate-meta-layouts":"set","ast-page-background-enabled":"default","ast-page-background-meta":{"desktop":{"background-color":"var(--ast-global-color-4)","background-image":"","background-repeat":"repeat","background-position":"center center","background-size":"auto","background-attachment":"scroll","background-type":"","background-media":"","overlay-type":"","overlay-color":"","overlay-opacity":"","overlay-gradient":""},"tablet":{"background-color":"","background-image":"","background-repeat":"repeat","background-position":"center center","background-size":"auto","background-attachment":"scroll","background-type":"","background-media":"","overlay-type":"","overlay-color":"","overlay-opacity":"","overlay-gradient":""},"mobile":{"background-color":"","background-image":"","background-repeat":"repeat","background-position":"center center","background-size":"auto","background-attachment":"scroll","background-type":"","background-media":"","overlay-type":"","overlay-color":"","overlay-opacity":"","overlay-gradient":""}},"ast-content-background-meta":{"desktop":{"background-color":"var(--ast-global-color-5)","background-image":"","background-repeat":"repeat","background-position":"center center","background-size":"auto","background-attachment":"scroll","background-type":"","background-media":"","overlay-type":"","overlay-color":"","overlay-opacity":"","overlay-gradient":""},"tablet":{"background-color":"var(--ast-global-color-5)","background-image":"","background-repeat":"repeat","background-position":"center center","background-size":"auto","background-attachment":"scroll","background-type":"","background-media":"","overlay-type":"","overlay-color":"","overlay-opacity":"","overlay-gradient":""},"mobile":{"background-color":"var(--ast-global-color-5)","background-image":"","background-repeat":"repeat","background-position":"center center","background-size":"auto","background-attachment":"scroll","background-type":"","background-media":"","overlay-type":"","overlay-color":"","overlay-opacity":"","overlay-gradient":""}},"footnotes":""},"class_list":["post-72","page","type-page","status-publish","hentry"],"aioseo_notices":[],"uagb_featured_image_src":{"full":false,"thumbnail":false,"medium":false,"medium_large":false,"large":false,"1536x1536":false,"2048x2048":false,"trp-custom-language-flag":false},"uagb_author_info":{"display_name":"urrinarvaja@gmail.com","author_link":"https:\/\/urrinarvaja.com\/es\/author\/urrinarvajagmail-com\/"},"uagb_comment_info":0,"uagb_excerpt":"About Us\u200b We\u2019re the&nbsp;Urri Narvaja team: three Argentines who blended our complementary skills to create a real estate service that\u2019s&nbsp;as warm as a Buenos Aires caf\u00e9&nbsp;and&nbsp;as sharp as Barcelona\u2019s architecture.Since 2000, we\u2019ve helped&nbsp;a lot of clients&nbsp;navigate Buenos Aires &amp; Barcelona market with a trifecta of expertise: Devoted To Service Excellence\u200b Meet Your Guides","_links":{"self":[{"href":"https:\/\/urrinarvaja.com\/es\/wp-json\/wp\/v2\/pages\/72","targetHints":{"allow":["GET"]}}],"collection":[{"href":"https:\/\/urrinarvaja.com\/es\/wp-json\/wp\/v2\/pages"}],"about":[{"href":"https:\/\/urrinarvaja.com\/es\/wp-json\/wp\/v2\/types\/page"}],"author":[{"embeddable":true,"href":"https:\/\/urrinarvaja.com\/es\/wp-json\/wp\/v2\/users\/1"}],"replies":[{"embeddable":true,"href":"https:\/\/urrinarvaja.com\/es\/wp-json\/wp\/v2\/comments?post=72"}],"version-history":[{"count":10,"href":"https:\/\/urrinarvaja.com\/es\/wp-json\/wp\/v2\/pages\/72\/revisions"}],"predecessor-version":[{"id":2071,"href":"https:\/\/urrinarvaja.com\/es\/wp-json\/wp\/v2\/pages\/72\/revisions\/2071"}],"wp:attachment":[{"href":"https:\/\/urrinarvaja.com\/es\/wp-json\/wp\/v2\/media?parent=72"}],"curies":[{"name":"wp","href":"https:\/\/api.w.org\/{rel}","templated":true}]}}